{"id":618,"date":"2024-04-08T20:05:27","date_gmt":"2024-04-08T23:05:27","guid":{"rendered":"https:\/\/pagi.com.br\/painel\/?post_type=product&#038;p=618"},"modified":"2025-09-01T17:54:23","modified_gmt":"2025-09-01T20:54:23","slug":"350-saldo-rapido-google-ads","status":"publish","type":"product","link":"https:\/\/pagi.com.br\/painel\/produto\/350-saldo-rapido-google-ads\/","title":{"rendered":"350 I.A. Pagi + Google Ads"},"content":{"rendered":"<p>Saldo entra na conta Google Ads em at\u00e9 1 dia \u00fatil banc\u00e1rio.<\/p>\n<p>Adicionar saldo gerenciado pela plataforma Pagi.com.br no Google Ads.<\/p>\n<p>Impostos e taxa de administra\u00e7\u00e3o correspondem ao valor de 35% do total dessa fatura.<\/p>\n<p>Contrato de presta\u00e7\u00e3o de servi\u00e7os e termos de uso: <a href=\"https:\/\/pagi.com.br\/g\/contrato-de-prestacao-de-servicos-termos-de-uso\/\" target=\"_blank\" rel=\"noopener\">https:\/\/pagi.com.br\/g\/contrato-de-prestacao-de-servicos-termos-de-uso\/<\/a><\/p>\n","protected":false},"excerpt":{"rendered":"<p>Saldo entra na conta Google Ads em at\u00e9 1 dia \u00fatil banc\u00e1rio. Adicionar saldo gerenciado pela plataforma Pagi.com.br no Google Ads. Impostos e taxa de administra\u00e7\u00e3o correspondem ao valor de 35% do total dessa fatura. Contrato de presta\u00e7\u00e3o de servi\u00e7os e termos de uso: https:\/\/pagi.com.br\/g\/contrato-de-prestacao-de-servicos-termos-de-uso\/<\/p>\n","protected":false},"featured_media":406,"comment_status":"open","ping_status":"closed","template":"","meta":{"_acf_changed":false},"product_brand":[],"product_cat":[21,20],"product_tag":[],"class_list":{"0":"post-618","1":"product","2":"type-product","3":"status-publish","4":"has-post-thumbnail","6":"product_cat-plataforma","7":"product_cat-saldo-rapido-google-ads","9":"first","10":"instock","11":"virtual","12":"purchasable","13":"product-type-simple"},"acf":[],"_links":{"self":[{"href":"https:\/\/pagi.com.br\/painel\/wp-json\/wp\/v2\/product\/618","targetHints":{"allow":["GET"]}}],"collection":[{"href":"https:\/\/pagi.com.br\/painel\/wp-json\/wp\/v2\/product"}],"about":[{"href":"https:\/\/pagi.com.br\/painel\/wp-json\/wp\/v2\/types\/product"}],"replies":[{"embeddable":true,"href":"https:\/\/pagi.com.br\/painel\/wp-json\/wp\/v2\/comments?post=618"}],"wp:featuredmedia":[{"embeddable":true,"href":"https:\/\/pagi.com.br\/painel\/wp-json\/wp\/v2\/media\/406"}],"wp:attachment":[{"href":"https:\/\/pagi.com.br\/painel\/wp-json\/wp\/v2\/media?parent=618"}],"wp:term":[{"taxonomy":"product_brand","embeddable":true,"href":"https:\/\/pagi.com.br\/painel\/wp-json\/wp\/v2\/product_brand?post=618"},{"taxonomy":"product_cat","embeddable":true,"href":"https:\/\/pagi.com.br\/painel\/wp-json\/wp\/v2\/product_cat?post=618"},{"taxonomy":"product_tag","embeddable":true,"href":"https:\/\/pagi.com.br\/painel\/wp-json\/wp\/v2\/product_tag?post=618"}],"curies":[{"name":"wp","href":"https:\/\/api.w.org\/{rel}","templated":true}]}}